{"id":12,"date":"2023-09-27T07:59:55","date_gmt":"2023-09-27T05:59:55","guid":{"rendered":"https:\/\/www.tribusdeliber.com\/?page_id=12"},"modified":"2023-09-27T08:13:28","modified_gmt":"2023-09-27T06:13:28","slug":"mapa-tribus-del-iber","status":"publish","type":"page","link":"https:\/\/tribusdeliber.com\/?page_id=12","title":{"rendered":"Mapa Tribus del \u00cdber"},"content":{"rendered":"\n<p><a href=\"https:\/\/www.google.com\/maps\/d\/u\/0\/embed?mid=1ZexZ2arjlGWQDQTG9AAitVCUKT95OzYw&amp;ehbc=2E312F\">https:\/\/www.google.com\/maps\/d\/u\/0\/embed?mid=1ZexZ2arjlGWQDQTG9AAitVCUKT95OzYw&amp;ehbc=2E312F<\/a><\/p>\n\n\n\n<figure class=\"wp-block-gallery has-nested-images columns-default is-cropped wp-block-gallery-1 is-layout-flex wp-block-gallery-is-layout-flex\">\n<figure class=\"wp-block-image size-large\"><img loading=\"lazy\" decoding=\"async\" width=\"725\" height=\"451\" data-id=\"266\" src=\"https:\/\/tribusdeliber.com\/wp-content\/uploads\/2023\/09\/m.png\" alt=\"\" class=\"wp-image-266\" srcset=\"https:\/\/tribusdeliber.com\/wp-content\/uploads\/2023\/09\/m.png 725w, https:\/\/tribusdeliber.com\/wp-content\/uploads\/2023\/09\/m-300x187.png 300w, https:\/\/tribusdeliber.com\/wp-content\/uploads\/2023\/09\/m-133x83.png 133w\" sizes=\"(max-width: 725px) 100vw, 725px\" \/><\/figure>\n<\/figure>\n\n\n\n<p>En este mapa podr\u00e1s descubrir multitud de puntos de inter\u00e9s de nuestra geograf\u00eda: sitios arqueol\u00f3gicos (megalitos, castros, iglesias, eremitorios, dujos, petroglifos, guerra civil, monumentos&#8230;), parajes naturales de gran belleza, \u00e1rboles singulares, cuevas&#8230;<br>Poco a poco iremos a\u00f1adiendo m\u00e1s puntos de inter\u00e9s y complet\u00e1ndolos con fichas que contienen informaci\u00f3n del lugar, fotos, descripciones, rutas, leyendas, cuentos, etc.<\/p>\n\n\n\n<p>Recuerda que tanto el patrimonio cultural como el natural es un bien valioso de todos y tenemos el deber de protegerlo y respetarlo, haciendo un uso responsable de los lugares.<\/p>\n\n\n\n<p>Si crees que falta alg\u00fan lugar o quieres proporcionarnos informaci\u00f3n o fotos, estaremos encantados de recibirlo y a\u00f1adirlo al mapa. Escr\u00edbenos al correo: tribusdeliber@gmail.com<\/p>\n","protected":false},"excerpt":{"rendered":"<p>https:\/\/www.google.com\/maps\/d\/u\/0\/embed?mid=1ZexZ2arjlGWQDQTG9AAitVCUKT95OzYw&amp;ehbc=2E312F En este mapa podr\u00e1s descubrir multitud de puntos de inter\u00e9s de nuestra geograf\u00eda: sitios arqueol\u00f3gicos (megalitos, castros, iglesias, eremitorios, dujos, petroglifos, guerra civil, monumentos&#8230;), parajes naturales de gran belleza, \u00e1rboles singulares, cuevas&#8230;Poco a poco iremos a\u00f1adiendo m\u00e1s puntos de inter\u00e9s y complet\u00e1ndolos con fichas que contienen informaci\u00f3n del lugar, fotos, descripciones, rutas, leyendas, cuentos, [&hellip;]<\/p>\n","protected":false},"author":2,"featured_media":0,"parent":0,"menu_order":0,"comment_status":"closed","ping_status":"closed","template":"","meta":{"footnotes":""},"class_list":["post-12","page","type-page","status-publish","hentry"],"_links":{"self":[{"href":"https:\/\/tribusdeliber.com\/index.php?rest_route=\/wp\/v2\/pages\/12"}],"collection":[{"href":"https:\/\/tribusdeliber.com\/index.php?rest_route=\/wp\/v2\/pages"}],"about":[{"href":"https:\/\/tribusdeliber.com\/index.php?rest_route=\/wp\/v2\/types\/page"}],"author":[{"embeddable":true,"href":"https:\/\/tribusdeliber.com\/index.php?rest_route=\/wp\/v2\/users\/2"}],"replies":[{"embeddable":true,"href":"https:\/\/tribusdeliber.com\/index.php?rest_route=%2Fwp%2Fv2%2Fcomments&post=12"}],"version-history":[{"count":2,"href":"https:\/\/tribusdeliber.com\/index.php?rest_route=\/wp\/v2\/pages\/12\/revisions"}],"predecessor-version":[{"id":267,"href":"https:\/\/tribusdeliber.com\/index.php?rest_route=\/wp\/v2\/pages\/12\/revisions\/267"}],"wp:attachment":[{"href":"https:\/\/tribusdeliber.com\/index.php?rest_route=%2Fwp%2Fv2%2Fmedia&parent=12"}],"curies":[{"name":"wp","href":"https:\/\/api.w.org\/{rel}","templated":true}]}}